{"id":51,"date":"2020-11-02T14:07:01","date_gmt":"2020-11-02T14:07:01","guid":{"rendered":"http:\/\/bemars.com\/costaflores.bemars.com\/?page_id=51"},"modified":"2023-05-05T22:52:47","modified_gmt":"2023-05-05T22:52:47","slug":"ico-mtb","status":"publish","type":"page","link":"https:\/\/vco.costaflores.com\/pt\/","title":{"rendered":"ICO MTB"},"content":{"rendered":"<h1>\n\t\tMTB23 &#8211; Vintage Coin Offering\n\t<\/h1>\n<h2>\n\t\tThis is the world&#8217;s first organic wine-backed cryptoasset\n\t<\/h2>\n\t<p>Costaflores \u00e9 uma vin\u00edcola em Mendoza, Argentina, a primeira no mundo em emitir um ativo em criptomoeda respaldado em vinho.<\/p>\n<p>O MTB23 token \u00e9 um cryptoasset ERC20 para a colheita de 2023. Cada token emitido equivale uma garrafa de vinho produzido na colheita do 2023 e que estar\u00e1 dispon\u00edvel para consumo a partir de maio de 2026.<\/p>\n\t\t\t<a href=\"https:\/\/openvino.atlassian.net\/wiki\/spaces\/OPENVINO\/overview?homepageId=33009\" target=\"_blank\" role=\"button\" rel=\"noopener nofollow\">\n\t\t\t\t\t\t\tMais Info\n\t\t\t\t\t<\/a>\n\t\t\t<a href=\"https:\/\/openvino.exchange\" target=\"_blank\" role=\"button\" rel=\"noopener nofollow\">\n\t\t\t\t\t\t\tLOJA MTB23\n\t\t\t\t\t<\/a>\n\t\t\t\t<img loading=\"lazy\" decoding=\"async\" src=\"https:\/\/vco.costaflores.com\/wp-content\/uploads\/2023\/04\/silueta-mtb-token-bottle.png\" alt=\"silueta mtb token bottle\" itemprop=\"image\" height=\"2595\" width=\"2480\" title=\"silueta mtb token bottle\" onerror=\"this.style.display='none'\"  \/>\n\t\t\t\t<img decoding=\"async\" src=\"http:\/\/bemars.com\/costaflores.bemars.com\/wp-content\/uploads\/2020\/11\/page2.png\" alt=\"page2\" itemprop=\"image\" title=\"page2\" onerror=\"this.style.display='none'\"  \/>\n<h2>\n\t\tO que \u00e9 isso?\n\t<\/h2>\n\t<p>We are selling cryptocurrency tokens that represent actual bottles of wine, made from a specific grape harvest at Costaflores Organic Vineyard. It&#8217;s like bitcoin, but for wine!<\/p>\n<h3>\n\t\tPor que estamos fazendo isso?\n\t<\/h3>\n\t\t<ul>\n\t\t\t\t\t<li>\n\t\t\t\t<p>A) Permitir que o mercado decida o pre\u00e7o do nosso vinho<\/p>\n\t\t\t<\/li>\n\t\t\t\t\t<li>\n\t\t\t\t<p>Proporcionar uma transpar\u00eancia completa em nossas pr\u00e1cticas comerciais.<\/p>\n\t\t\t<\/li>\n\t\t\t\t\t<li>\n\t\t\t\t<p>C) Gerar tra\u00e7abilidade: Vinhedo -&gt; Vinho -&gt; Mesa -&gt; Mente<\/p>\n\t\t\t<\/li>\n\t\t\t\t<\/ul>\n\t<p>Este \u00e9 o nosso quarto ano emitindo criptoassets baseados em vinho (MTB18 foi o nosso primeiro), mas temos feito deliciosos vinhos org\u00e2nicos desde 2007.<\/p>\n<h2>\n\t\tComo funciona?\n\t<\/h2>\n<h3>\n\t\tSe voc\u00ea nunca teve uma criptomoeda,  <br \/>agora \u00e9 sua chance\n\t<\/h3>\n\t\t<ul>\n\t\t\t\t\t<li>\n\t\t\t\t<h4>1. No m\u00eas de mar\u00e7o, colhemos as uvas do Costaflores Organic Vineyard.<\/h4>\n\t\t\t<\/li>\n\t\t\t\t\t<li>\n\t\t\t\t<h4>2. During the months of March and April, we make our wine, blend of Malbec, Petit Verdot, and Cabernet Sauvignon: &#8220;Mike Tango Bravo&#8221;<\/h4>\n\t\t\t<\/li>\n\t\t\t\t\t<li>\n\t\t\t\t<h4>3. Em 6 de maio emmitimos os token MTB23 (Vintage Coin Offering) baseados na quantidade de garrafas de vinho produzidas.<\/h4>\n\t\t\t<\/li>\n\t\t\t\t<\/ul>\n\t\t<ul>\n\t\t\t\t\t<li>\n\t\t\t\t<h4>4. Quando o VCO termina, os tokens estar\u00e3o dispon\u00edveis para sua revenda no exchange Viniswap.<\/h4>\n\t\t\t<\/li>\n\t\t\t\t\t<li>\n\t\t\t\t<h4>5. Tr\u00eas anos depois, os vinhos estar\u00e3o prontos para consumo e poder\u00e3o ser resgatados a qualquer momento online com tokens MTB23, at\u00e9 maio de 2033.<\/h4>\n\t\t\t<\/li>\n\t\t\t\t<\/ul>\n\t<p>For 2023, the initial price of the MTB23 tokens are based on the COST value of the wine. After the 25th of July, we let the market take over and decide the &#8220;real&#8221; value of our wines.<\/p>\n<h2>\n\t\tRoadmap\n\t<\/h2>\n\t\t\t\t\t\t\t<p>Defini\u00e7\u00f5es de requisitos iniciais, 15 de mar\u00e7o de 2017<\/p>\n\t\t\t\t\t\t\t<p>Consolida\u00e7\u00e3o de equipe 3 de agosto de 2017<\/p>\n\t\t\t\t\t\t\t<p>VCO landing em 27 de mar\u00e7o de 2018<\/p>\n\t\t\t\t\t\t\t<p>Safra 2018 2 a 4 de abril de 2018<\/p>\n\t\t\t\t\t\t\t<p>Crowdsale beta testing 21 April, 2018<\/p>\n\t\t\t\t\t\t\t<p>MTB18 ICO token launch 6 May &#8211; 20 May, 2018<\/p>\n\t\t\t\t\t\t\t<p> Ripio Exchange para MTB18, 5 de setembro de 2018<\/p>\n\t\t\t\t\t\t\t<p>Safra 2019 11-12-13 de abril de 2019<\/p>\n\t\t\t\t\t\t\t<p> MTB19 ICO token launch  6 May &#8211; 25 July, 2019<\/p>\n\t\t\t\t\t\t\t<p>Vinophonics presentation &#8211; Sonar 2019  17-18-19-20 July, 2019<\/p>\n\t\t\t\t\t\t\t<p> Viniswap Exchange lan\u00e7ado em 13 de fevereiro de 2020<\/p>\n\t\t\t\t\t\t\t<p>Safra 2020 abril de 2020<\/p>\n\t\t\t\t\t\t\t<p>MTB20 ICO token launch  6 May &#8211; 25 July, 2020<\/p>\n\t\t\t\t\t\t\t<p>Entrada do Exchange Viniswap para MTB20 25 de julho de 2020<\/p>\n\t\t\t\t\t\t\t<p>Fim da venda de vinhos Costaflores n\u00e3o tokenizados 1\u00ba de mar\u00e7o de 2021<\/p>\n\t\t\t\t\t\t\t<p>Safra 2021 24-25 abril 2021<\/p>\n\t\t\t\t\t\t\t<p> MTB21 ICO token launch  6 May &#8211; 25 July, 2021<\/p>\n\t\t\t\t\t\t\t<p>You drink, you own it! 6 de maio de 2021<\/p>\n\t\t\t\t\t\t\t<p>Vinhos MTB 2018 dispon\u00edveis para venda com tokens MTB18 6 de maio de 2021<\/p>\n\t\t\t\t\t\t\t<p>Safra 2022 4-5 abril 2022<\/p>\n\t\t\t\t\t\t\t<p>MTB22 VCO token launch  6 May &#8211; 25 July, 2022<\/p>\n\t\t\t\t\t\t\t<p>Julho de 2022 Lan\u00e7amento do BioDigital Cert no EthCC, Paris e Areni, Cidade do Cabo<\/p>\n\t\t\t\t\t\t\t<p>16 &#8211; 17 of March, 2023 Harvest March 2023<\/p>\n\t\t\t\t\t\t\t<p>MTB23 VCO token launch 6 May &#8211; 25 July, 2023<\/p>\n<h2>\n\t\tFAQ\n\t<\/h2>\n\t<p>Para perguntas frequentes, voc\u00ea pode ler nosso\u00a0<a href=\"https:\/\/openvino.atlassian.net\/wiki\/spaces\/OPENVINO\/overview?homepageId=33009\" target=\"_blank\" rel=\"noopener\">Wiki FAQ page<\/a>.<\/p>\n<h2>\n\t\tComo posso obter mais informa\u00e7\u00f5es?\n\t<\/h2>\n\t<p>Convidamos os detentores de tokens a visitar pessoalmente a Costaflores. Leia nosso\u00a0<a href=\"https:\/\/openvino.atlassian.net\/wiki\/spaces\/OPENVINO\/overview?homepageId=33009\" target=\"_blank\" rel=\"noopener\">wiki<\/a>.<\/p>\n\t\t\t<a href=\"https:\/\/t.me\/Open_Vino\" target=\"_blank\" role=\"button\" rel=\"noopener nofollow\">\n\t\t\t\t\t\t\tJunte-se ao nosso grupo Telegram\n\t\t\t\t\t<\/a>","protected":false},"excerpt":{"rendered":"<p>MTB23 &#8211; Vintage Coin Offering This is the world&#8217;s first organic wine-backed cryptoasset Costaflores is a winery based in Mendoza, Argentina. It is the first winery in the world to issue a wine-backed cryptocurrency asset. The MTB23 token is an ERC20 cryptoasset for the 2023 vintage. Each digital token represents one bottle of wine produced&hellip;<\/p>","protected":false},"author":1,"featured_media":0,"parent":0,"menu_order":0,"comment_status":"closed","ping_status":"closed","template":"","meta":{"footnotes":""},"_links":{"self":[{"href":"https:\/\/vco.costaflores.com\/pt\/wp-json\/wp\/v2\/pages\/51"}],"collection":[{"href":"https:\/\/vco.costaflores.com\/pt\/wp-json\/wp\/v2\/pages"}],"about":[{"href":"https:\/\/vco.costaflores.com\/pt\/wp-json\/wp\/v2\/types\/page"}],"author":[{"embeddable":true,"href":"https:\/\/vco.costaflores.com\/pt\/wp-json\/wp\/v2\/users\/1"}],"replies":[{"embeddable":true,"href":"https:\/\/vco.costaflores.com\/pt\/wp-json\/wp\/v2\/comments?post=51"}],"version-history":[{"count":34,"href":"https:\/\/vco.costaflores.com\/pt\/wp-json\/wp\/v2\/pages\/51\/revisions"}],"predecessor-version":[{"id":404,"href":"https:\/\/vco.costaflores.com\/pt\/wp-json\/wp\/v2\/pages\/51\/revisions\/404"}],"wp:attachment":[{"href":"https:\/\/vco.costaflores.com\/pt\/wp-json\/wp\/v2\/media?parent=51"}],"curies":[{"name":"wp","href":"https:\/\/api.w.org\/{rel}","templated":true}]}}