{"id":51,"date":"2020-11-02T14:07:01","date_gmt":"2020-11-02T14:07:01","guid":{"rendered":"http:\/\/bemars.com\/costaflores.bemars.com\/?page_id=51"},"modified":"2023-05-05T22:52:47","modified_gmt":"2023-05-05T22:52:47","slug":"ico-mtb","status":"publish","type":"page","link":"https:\/\/vco.costaflores.com\/fr\/","title":{"rendered":"ICO MTB"},"content":{"rendered":"<h1>\n\t\tMTB23 &#8211; Vintage Coin Offering\n\t<\/h1>\n<h2>\n\t\tThis is the world&#8217;s first organic wine-backed cryptoasset\n\t<\/h2>\n\t<p>Costaflores est une cave \u00e0 Mendoza, en Argentine. C'est le premier domaine viticole au monde \u00e0 \u00e9mettre un actif de crypto-monnaie adoss\u00e9 au vin.<\/p>\n<p>Le token MTB23 est un cryptoasset ERC20 pour le mill\u00e9sime 2023. Chaque token repr\u00e9sente une bouteille de vin produite \u00e0 partir du mill\u00e9sime 2023, disponible \u00e0 boire apr\u00e8s le 6 mai 2026.<\/p>\n\t\t\t<a href=\"https:\/\/openvino.atlassian.net\/wiki\/spaces\/OPENVINO\/overview?homepageId=33009\" target=\"_blank\" role=\"button\" rel=\"noopener nofollow\">\n\t\t\t\t\t\t\tPlus de d\u00e9tails\n\t\t\t\t\t<\/a>\n\t\t\t<a href=\"https:\/\/openvino.exchange\" target=\"_blank\" role=\"button\" rel=\"noopener nofollow\">\n\t\t\t\t\t\t\tACHETER MTB23\n\t\t\t\t\t<\/a>\n\t\t\t\t<img loading=\"lazy\" decoding=\"async\" src=\"https:\/\/vco.costaflores.com\/wp-content\/uploads\/2023\/04\/silueta-mtb-token-bottle.png\" alt=\"silueta mtb token bottle\" itemprop=\"image\" height=\"2595\" width=\"2480\" title=\"silueta mtb token bottle\" onerror=\"this.style.display='none'\"  \/>\n\t\t\t\t<img decoding=\"async\" src=\"http:\/\/bemars.com\/costaflores.bemars.com\/wp-content\/uploads\/2020\/11\/page2.png\" alt=\"page2\" itemprop=\"image\" title=\"page2\" onerror=\"this.style.display='none'\"  \/>\n<h2>\n\t\tQu'est-ce que c'est?\n\t<\/h2>\n\t<p>We are selling cryptocurrency tokens that represent actual bottles of wine, made from a specific grape harvest at Costaflores Organic Vineyard. It&#8217;s like bitcoin, but for wine!<\/p>\n<h3>\n\t\tPourquoi fait-on \u00e7a?\n\t<\/h3>\n\t\t<ul>\n\t\t\t\t\t<li>\n\t\t\t\t<p>A) Laisser le march\u00e9 d\u00e9cider du prix de notre vin<\/p>\n\t\t\t<\/li>\n\t\t\t\t\t<li>\n\t\t\t\t<p>B) Offrir une transparence totale \u00e0 nos pratiques commerciales.<\/p>\n\t\t\t<\/li>\n\t\t\t\t\t<li>\n\t\t\t\t<p>C) G\u00e9n\u00e9rer la tra\u00e7abilit\u00e9 : Vignoble -&gt; Vin -&gt; Table -&gt; Esprit<\/p>\n\t\t\t<\/li>\n\t\t\t\t<\/ul>\n\t<p>Il s'agit de notre quatri\u00e8me ann\u00e9e d'\u00e9mission de crypto-actifs adoss\u00e9s au vin (MTB18 \u00e9tait notre premier), mais nous produisons de d\u00e9licieux vins biologiques depuis 2007.<\/p>\n<h2>\n\t\tComment \u00e7a marche?\n\t<\/h2>\n<h3>\n\t\tSi vous n'avez jamais poss\u00e9d\u00e9 de crypto-monnaie,  <br \/>c'est maintenant votre chance :\n\t<\/h3>\n\t\t<ul>\n\t\t\t\t\t<li>\n\t\t\t\t<h4>1. En mars, nous r\u00e9coltons les raisins pour la Costaflores Organic Vineyard.<\/h4>\n\t\t\t<\/li>\n\t\t\t\t\t<li>\n\t\t\t\t<h4>2. During the months of March and April, we make our wine, blend of Malbec, Petit Verdot, and Cabernet Sauvignon: &#8220;Mike Tango Bravo&#8221;<\/h4>\n\t\t\t<\/li>\n\t\t\t\t\t<li>\n\t\t\t\t<h4>3. Le 6 mai, nous avons \u00e9mis les jetons MTB23 (Vintage Coin Offering), en fonction du nombre de bouteilles de vin produites.<\/h4>\n\t\t\t<\/li>\n\t\t\t\t<\/ul>\n\t\t<ul>\n\t\t\t\t\t<li>\n\t\t\t\t<h4>4. Lorsque le VCO se terminera le 25 juillet, les jetons de vin seront disponibles \u00e0 l'achat ET \u00e0 la vente sur l'exchange Viniswap.<\/h4>\n\t\t\t<\/li>\n\t\t\t\t\t<li>\n\t\t\t\t<h4>5. Trois ans plus tard, les vins sont pr\u00eats \u00e0 boire et peuvent \u00eatre \u00e9chang\u00e9s \u00e0 tout moment en ligne avec des tokens MTB23, jusqu'en mai 2033.<\/h4>\n\t\t\t<\/li>\n\t\t\t\t<\/ul>\n\t<p>For 2023, the initial price of the MTB23 tokens are based on the COST value of the wine. After the 25th of July, we let the market take over and decide the &#8220;real&#8221; value of our wines.<\/p>\n<h2>\n\t\tRoadmap\n\t<\/h2>\n\t\t\t\t\t\t\t<p>D\u00e9finitions des exigences initiales 15 mars 2017<\/p>\n\t\t\t\t\t\t\t<p>Consolidation d'\u00e9quipe 3 ao\u00fbt 2017<\/p>\n\t\t\t\t\t\t\t<p>Landing du VCO le 27 mars 2018<\/p>\n\t\t\t\t\t\t\t<p>Vendanges 2018 2-4 avril 2018<\/p>\n\t\t\t\t\t\t\t<p>Crowdsale beta testing 21 April, 2018<\/p>\n\t\t\t\t\t\t\t<p>MTB18 ICO token launch 6 May &#8211; 20 May, 2018<\/p>\n\t\t\t\t\t\t\t<p> Ripio Exchange pour MTB18 5 septembre 2018<\/p>\n\t\t\t\t\t\t\t<p>Vendanges 2019 11-12-13 avril 2019<\/p>\n\t\t\t\t\t\t\t<p> MTB19 ICO token launch  6 May &#8211; 25 July, 2019<\/p>\n\t\t\t\t\t\t\t<p>Vinophonics presentation &#8211; Sonar 2019  17-18-19-20 July, 2019<\/p>\n\t\t\t\t\t\t\t<p> Viniswap Exchange lanc\u00e9 le 13 f\u00e9vrier 2020<\/p>\n\t\t\t\t\t\t\t<p>R\u00e9colte 2020 Avril 2020<\/p>\n\t\t\t\t\t\t\t<p>MTB20 ICO token launch  6 May &#8211; 25 July, 2020<\/p>\n\t\t\t\t\t\t\t<p>Echange Viniswap contre MTB20 25 juillet 2020<\/p>\n\t\t\t\t\t\t\t<p>Fin de la vente des vins Costaflores non tokenis\u00e9s 1er mars 2021<\/p>\n\t\t\t\t\t\t\t<p>R\u00e9colte 2021 24-25 avril 2021<\/p>\n\t\t\t\t\t\t\t<p> MTB21 ICO token launch  6 May &#8211; 25 July, 2021<\/p>\n\t\t\t\t\t\t\t<p>You Drink It, You Own It!  6 mai 2021<\/p>\n\t\t\t\t\t\t\t<p>Vins MTB 2018 disponibles \u00e0 la vente avec les tokens MTB18 6 mai 2021<\/p>\n\t\t\t\t\t\t\t<p>R\u00e9colte 2022 4-5 avril 2022<\/p>\n\t\t\t\t\t\t\t<p>MTB22 VCO token launch  6 May &#8211; 25 July, 2022<\/p>\n\t\t\t\t\t\t\t<p>Juillet 2022 Lancement du BioDigital Cert \u00e0 EthCC, Paris et Areni, Cape Town<\/p>\n\t\t\t\t\t\t\t<p>16 &#8211; 17 of March, 2023 Harvest March 2023<\/p>\n\t\t\t\t\t\t\t<p>MTB23 VCO token launch 6 May &#8211; 25 July, 2023<\/p>\n<h2>\n\t\tFAQ\n\t<\/h2>\n\t<p>Pour les questions fr\u00e9quemment pos\u00e9es, vous pouvez lire notre\u00a0<a href=\"https:\/\/openvino.atlassian.net\/wiki\/spaces\/OPENVINO\/overview?homepageId=33009\" target=\"_blank\" rel=\"noopener\">Wiki FAQ page<\/a>.<\/p>\n<h2>\n\t\tComment puis-je obtenir plus d'informations?\n\t<\/h2>\n\t<p>Nous invitons les d\u00e9tenteurs de jetons \u00e0 visiter Costaflores en personne. Lisez notre\u00a0<a href=\"https:\/\/openvino.atlassian.net\/wiki\/spaces\/OPENVINO\/overview?homepageId=33009\" target=\"_blank\" rel=\"noopener\">wiki<\/a>.<\/p>\n\t\t\t<a href=\"https:\/\/t.me\/Open_Vino_EN\" target=\"_blank\" role=\"button\" rel=\"noopener nofollow\">\n\t\t\t\t\t\t\tRejoignez notre groupe Telegram\n\t\t\t\t\t<\/a>","protected":false},"excerpt":{"rendered":"<p>MTB23 &#8211; Vintage Coin Offering This is the world&#8217;s first organic wine-backed cryptoasset Costaflores is a winery based in Mendoza, Argentina. It is the first winery in the world to issue a wine-backed cryptocurrency asset. The MTB23 token is an ERC20 cryptoasset for the 2023 vintage. Each digital token represents one bottle of wine produced&hellip;<\/p>","protected":false},"author":1,"featured_media":0,"parent":0,"menu_order":0,"comment_status":"closed","ping_status":"closed","template":"","meta":{"footnotes":""},"_links":{"self":[{"href":"https:\/\/vco.costaflores.com\/fr\/wp-json\/wp\/v2\/pages\/51"}],"collection":[{"href":"https:\/\/vco.costaflores.com\/fr\/wp-json\/wp\/v2\/pages"}],"about":[{"href":"https:\/\/vco.costaflores.com\/fr\/wp-json\/wp\/v2\/types\/page"}],"author":[{"embeddable":true,"href":"https:\/\/vco.costaflores.com\/fr\/wp-json\/wp\/v2\/users\/1"}],"replies":[{"embeddable":true,"href":"https:\/\/vco.costaflores.com\/fr\/wp-json\/wp\/v2\/comments?post=51"}],"version-history":[{"count":34,"href":"https:\/\/vco.costaflores.com\/fr\/wp-json\/wp\/v2\/pages\/51\/revisions"}],"predecessor-version":[{"id":404,"href":"https:\/\/vco.costaflores.com\/fr\/wp-json\/wp\/v2\/pages\/51\/revisions\/404"}],"wp:attachment":[{"href":"https:\/\/vco.costaflores.com\/fr\/wp-json\/wp\/v2\/media?parent=51"}],"curies":[{"name":"wp","href":"https:\/\/api.w.org\/{rel}","templated":true}]}}