{"id":51,"date":"2020-11-02T14:07:01","date_gmt":"2020-11-02T14:07:01","guid":{"rendered":"http:\/\/bemars.com\/costaflores.bemars.com\/?page_id=51"},"modified":"2023-05-05T22:52:47","modified_gmt":"2023-05-05T22:52:47","slug":"ico-mtb","status":"publish","type":"page","link":"https:\/\/vco.costaflores.com\/es\/","title":{"rendered":"ICO MTB"},"content":{"rendered":"<h1>\n\t\tMTB23 &#8211; Vintage Coin Offering\n\t<\/h1>\n<h2>\n\t\tThis is the world&#8217;s first organic wine-backed cryptoasset\n\t<\/h2>\n\t<p>Costaflores es una bodega de Mendoza, Argentina. Es la primera bodega del mundo en emitir una criptomoneda respaldada en vino.<\/p>\n<p>El token MTB23 es un criptoactivo ERC20 de la cosecha 2023. Cada token digital representa una botella de vino producida a partir de la cosecha de 2023, disponible para beber despu\u00e9s del 6 de mayo de 2023.<\/p>\n\t\t\t<a href=\"https:\/\/openvino.atlassian.net\/wiki\/spaces\/OPENVINO\/overview?homepageId=33009\" target=\"_blank\" role=\"button\" rel=\"noopener nofollow\">\n\t\t\t\t\t\t\tM\u00e1s info\n\t\t\t\t\t<\/a>\n\t\t\t<a href=\"https:\/\/openvino.exchange\" target=\"_blank\" role=\"button\" rel=\"noopener nofollow\">\n\t\t\t\t\t\t\tCOMPR\u00c1 MTB23\n\t\t\t\t\t<\/a>\n\t\t\t\t<img loading=\"lazy\" decoding=\"async\" src=\"https:\/\/vco.costaflores.com\/wp-content\/uploads\/2023\/04\/silueta-mtb-token-bottle.png\" alt=\"silueta mtb token bottle\" itemprop=\"image\" height=\"2595\" width=\"2480\" title=\"silueta mtb token bottle\" onerror=\"this.style.display='none'\"  \/>\n\t\t\t\t<img decoding=\"async\" src=\"http:\/\/bemars.com\/costaflores.bemars.com\/wp-content\/uploads\/2020\/11\/page2.png\" alt=\"page2\" itemprop=\"image\" title=\"page2\" onerror=\"this.style.display='none'\"  \/>\n<h2>\n\t\tQu\u00e9 es eso?\n\t<\/h2>\n\t<p>We are selling cryptocurrency tokens that represent actual bottles of wine, made from a specific grape harvest at Costaflores Organic Vineyard. It&#8217;s like bitcoin, but for wine!<\/p>\n<h3>\n\t\t\u00bfPor qu\u00e9 estamos haciendo esto?\n\t<\/h3>\n\t\t<ul>\n\t\t\t\t\t<li>\n\t\t\t\t<p>A) Permitir que el mercado decida el precio de nuestro vino<\/p>\n\t\t\t<\/li>\n\t\t\t\t\t<li>\n\t\t\t\t<p>B) Brindar total transparencia a nuestras pr\u00e1cticas comerciales.<\/p>\n\t\t\t<\/li>\n\t\t\t\t\t<li>\n\t\t\t\t<p>C) Generar trazabilidad: Vi\u00f1a -&gt; Vino -&gt; Mesa -&gt; Mente<\/p>\n\t\t\t<\/li>\n\t\t\t\t<\/ul>\n\t<p>Este es nuestro cuarto a\u00f1o emitiendo criptoactivos respaldados por vino (MTB18 fue el primero), pero hemos elaborado deliciosos vinos org\u00e1nicos desde 2007.<\/p>\n<h2>\n\t\t\u00bfComo funciona?\n\t<\/h2>\n<h3>\n\t\tSi nunca ha tenido una criptomoneda,  <br \/>ahora es tu oportunidad:\n\t<\/h3>\n\t\t<ul>\n\t\t\t\t\t<li>\n\t\t\t\t<h4>1. En marzo, cosechamos las uvas de Finca Org\u00e1nica Costaflores.<\/h4>\n\t\t\t<\/li>\n\t\t\t\t\t<li>\n\t\t\t\t<h4>2. During the months of March and April, we make our wine, blend of Malbec, Petit Verdot, and Cabernet Sauvignon: &#8220;Mike Tango Bravo&#8221;<\/h4>\n\t\t\t<\/li>\n\t\t\t\t\t<li>\n\t\t\t\t<h4>3. El 6 de mayo emitimos los tokens MTB23 (Vintage Coin Offering), en funci\u00f3n del n\u00famero de botellas de vino producidas.<\/h4>\n\t\t\t<\/li>\n\t\t\t\t<\/ul>\n\t\t<ul>\n\t\t\t\t\t<li>\n\t\t\t\t<h4>4. Cuando finalice el VCO el 25 de julio, los tokens de vino estar\u00e1n disponibles para comprar Y vender en el Viniswap exchange.<\/h4>\n\t\t\t<\/li>\n\t\t\t\t\t<li>\n\t\t\t\t<h4>5. Tres a\u00f1os despu\u00e9s, los vinos est\u00e1n listos para beber y se pueden canjear en cualquier momento en l\u00ednea con los tokens MTB23, hasta mayo de 2033.<\/h4>\n\t\t\t<\/li>\n\t\t\t\t<\/ul>\n\t<p>For 2023, the initial price of the MTB23 tokens are based on the COST value of the wine. After the 25th of July, we let the market take over and decide the &#8220;real&#8221; value of our wines.<\/p>\n<h2>\n\t\tRoadmap\n\t<\/h2>\n\t\t\t\t\t\t\t<p>Definiciones de requisitos iniciales 15 de marzo de 2017<\/p>\n\t\t\t\t\t\t\t<p>Consolidaci\u00f3n del equipo 3 de agosto de 2017<\/p>\n\t\t\t\t\t\t\t<p>VCO landing 27 de marzo de 2018<\/p>\n\t\t\t\t\t\t\t<p>Cosecha 2018 2-4 abril 2018<\/p>\n\t\t\t\t\t\t\t<p>Crowdsale beta testing 21 April, 2018<\/p>\n\t\t\t\t\t\t\t<p>MTB18 ICO token launch 6 May &#8211; 20 May, 2018<\/p>\n\t\t\t\t\t\t\t<p> Ripio Exchange para MTB18 5 de septiembre de 2018<\/p>\n\t\t\t\t\t\t\t<p>Cosecha 2019 11-12-13 abril 2019<\/p>\n\t\t\t\t\t\t\t<p> MTB19 ICO token launch  6 May &#8211; 25 July, 2019<\/p>\n\t\t\t\t\t\t\t<p>Vinophonics presentation &#8211; Sonar 2019  17-18-19-20 July, 2019<\/p>\n\t\t\t\t\t\t\t<p> Viniswap Exchange se lanz\u00f3 el 13 de febrero de 2020<\/p>\n\t\t\t\t\t\t\t<p>Cosecha 2020 Abril 2020<\/p>\n\t\t\t\t\t\t\t<p>MTB20 ICO token launch  6 May &#8211; 25 July, 2020<\/p>\n\t\t\t\t\t\t\t<p>Entrada Exchange Viniswap para MTB20 25 de julio de 2020<\/p>\n\t\t\t\t\t\t\t<p>Fin de venta de vinos Costaflores no tokenizados 1 de marzo de 2021<\/p>\n\t\t\t\t\t\t\t<p>Cosecha 2021 24-25 abril 2021<\/p>\n\t\t\t\t\t\t\t<p> MTB21 ICO token launch  6 May &#8211; 25 July, 2021<\/p>\n\t\t\t\t\t\t\t<p>You Drink It, You Own It! 6 de mayo, 2021<\/p>\n\t\t\t\t\t\t\t<p>Vinos MTB* 2018 disponibles para la venta con tokens MTB18 6 de mayo de 2021<\/p>\n\t\t\t\t\t\t\t<p>4 - 5 de abril, 2023 Cosecha abril 2022<\/p>\n\t\t\t\t\t\t\t<p>MTB22 VCO token launch  6 May &#8211; 25 July, 2022<\/p>\n\t\t\t\t\t\t\t<p>Julio de 2022 Lanzamiento de BioDigital Cert en EthCC, Par\u00eds y Areni, Ciudad del Cabo<\/p>\n\t\t\t\t\t\t\t<p>16 &#8211; 17 of March, 2023 Harvest March 2023<\/p>\n\t\t\t\t\t\t\t<p>MTB23 VCO token launch 6 May &#8211; 25 July, 2023<\/p>\n<h2>\n\t\tFAQ\n\t<\/h2>\n\t<p>Para Preguntas Frecuentes, puede leer nuestra\u00a0<a href=\"https:\/\/openvino.atlassian.net\/wiki\/spaces\/OPENVINO\/overview?homepageId=33009\" target=\"_blank\" rel=\"noopener\">Wiki FAQ page<\/a>.<\/p>\n<h2>\n\t\t\u00bfC\u00f3mo puedo obtener m\u00e1s informaci\u00f3n?\n\t<\/h2>\n\t<p>Invitamos a los poseedores de tokens a visitar Costaflores en persona. Lea nuestro\u00a0<a href=\"https:\/\/openvino.atlassian.net\/wiki\/spaces\/OPENVINO\/overview?homepageId=33009\" target=\"_blank\" rel=\"noopener\">wiki<\/a>.<\/p>\n\t\t\t<a href=\"https:\/\/t.me\/Open_Vino\" target=\"_blank\" role=\"button\" rel=\"noopener nofollow\">\n\t\t\t\t\t\t\t\u00danete a nuestro grupo de Telegram\n\t\t\t\t\t<\/a>","protected":false},"excerpt":{"rendered":"<p>MTB23 &#8211; Vintage Coin Offering This is the world&#8217;s first organic wine-backed cryptoasset Costaflores is a winery based in Mendoza, Argentina. It is the first winery in the world to issue a wine-backed cryptocurrency asset. The MTB23 token is an ERC20 cryptoasset for the 2023 vintage. Each digital token represents one bottle of wine produced&hellip;<\/p>","protected":false},"author":1,"featured_media":0,"parent":0,"menu_order":0,"comment_status":"closed","ping_status":"closed","template":"","meta":{"footnotes":""},"_links":{"self":[{"href":"https:\/\/vco.costaflores.com\/es\/wp-json\/wp\/v2\/pages\/51"}],"collection":[{"href":"https:\/\/vco.costaflores.com\/es\/wp-json\/wp\/v2\/pages"}],"about":[{"href":"https:\/\/vco.costaflores.com\/es\/wp-json\/wp\/v2\/types\/page"}],"author":[{"embeddable":true,"href":"https:\/\/vco.costaflores.com\/es\/wp-json\/wp\/v2\/users\/1"}],"replies":[{"embeddable":true,"href":"https:\/\/vco.costaflores.com\/es\/wp-json\/wp\/v2\/comments?post=51"}],"version-history":[{"count":34,"href":"https:\/\/vco.costaflores.com\/es\/wp-json\/wp\/v2\/pages\/51\/revisions"}],"predecessor-version":[{"id":404,"href":"https:\/\/vco.costaflores.com\/es\/wp-json\/wp\/v2\/pages\/51\/revisions\/404"}],"wp:attachment":[{"href":"https:\/\/vco.costaflores.com\/es\/wp-json\/wp\/v2\/media?parent=51"}],"curies":[{"name":"wp","href":"https:\/\/api.w.org\/{rel}","templated":true}]}}