{"id":51,"date":"2020-11-02T14:07:01","date_gmt":"2020-11-02T14:07:01","guid":{"rendered":"http:\/\/bemars.com\/costaflores.bemars.com\/?page_id=51"},"modified":"2023-05-05T22:52:47","modified_gmt":"2023-05-05T22:52:47","slug":"ico-mtb","status":"publish","type":"page","link":"https:\/\/vco.costaflores.com\/ca\/","title":{"rendered":"ICO MTB"},"content":{"rendered":"<h1>\n\t\tMTB23 &#8211; Vintage Coin Offering\n\t<\/h1>\n<h2>\n\t\tThis is the world&#8217;s first organic wine-backed cryptoasset\n\t<\/h2>\n\t<p>Costaflores \u00e9s un celler de Mendoza, Argentina. \u00c9s el primer celler de l'm\u00f3n en emetre un actiu de moneda digital recolzat per vi.<\/p>\n<p>El token MTB23 \u00e9s un criptoactivo ERC20 per a la collita 2023. Cada fitxa digital representa una ampolla de vi produ\u00efda a partir de la collita de 2023, disponible per beure despr\u00e9s de el 6 de maig de 2026.<\/p>\n\t\t\t<a href=\"https:\/\/openvino.atlassian.net\/wiki\/spaces\/OPENVINO\/overview?homepageId=33009\" target=\"_blank\" role=\"button\" rel=\"noopener nofollow\">\n\t\t\t\t\t\t\tM\u00e9s info\n\t\t\t\t\t<\/a>\n\t\t\t<a href=\"https:\/\/openvino.exchange\" target=\"_blank\" role=\"button\" rel=\"noopener nofollow\">\n\t\t\t\t\t\t\tCOMPRA MTB23\n\t\t\t\t\t<\/a>\n\t\t\t\t<img loading=\"lazy\" decoding=\"async\" src=\"https:\/\/vco.costaflores.com\/wp-content\/uploads\/2023\/04\/silueta-mtb-token-bottle.png\" alt=\"silueta mtb token bottle\" itemprop=\"image\" height=\"2595\" width=\"2480\" title=\"silueta mtb token bottle\" onerror=\"this.style.display='none'\"  \/>\n\t\t\t\t<img decoding=\"async\" src=\"http:\/\/bemars.com\/costaflores.bemars.com\/wp-content\/uploads\/2020\/11\/page2.png\" alt=\"page2\" itemprop=\"image\" title=\"page2\" onerror=\"this.style.display='none'\"  \/>\n<h2>\n\t\tQu\u00e8 \u00e9s aix\u00f2?\n\t<\/h2>\n\t<p>We are selling cryptocurrency tokens that represent actual bottles of wine, made from a specific grape harvest at Costaflores Organic Vineyard. It&#8217;s like bitcoin, but for wine!<\/p>\n<h3>\n\t\tPer qu\u00e8 estem fent aix\u00f2?\n\t<\/h3>\n\t\t<ul>\n\t\t\t\t\t<li>\n\t\t\t\t<p>A) Permetre que el mercat decideixi el preu del nostre vi<\/p>\n\t\t\t<\/li>\n\t\t\t\t\t<li>\n\t\t\t\t<p>B) Donar total transpar\u00e8ncia a les nostres pr\u00e0ctiques comercials.<\/p>\n\t\t\t<\/li>\n\t\t\t\t\t<li>\n\t\t\t\t<p>C) Generar tra\u00e7abilitat: Vinya -&gt; Vi -&gt; Menjar -&gt; Ment<\/p>\n\t\t\t<\/li>\n\t\t\t\t<\/ul>\n\t<p>Aquest \u00e9s el nostre quart any emetent criptoactivos recolzats per vi (MTB18 va ser el primer), per\u00f2 hem elaborat deliciosos vins org\u00e0nics des de 2007.<\/p>\n<h2>\n\t\t\u00bfCom funciona?\n\t<\/h2>\n<h3>\n\t\tSi mai ha tingut una moneda digital,  <br \/>ara \u00e9s la teva oportunitat:\n\t<\/h3>\n\t\t<ul>\n\t\t\t\t\t<li>\n\t\t\t\t<h4>1. Al mar\u00e7, collim el ra\u00efm de Finca Org\u00e0nica Costaflores.<\/h4>\n\t\t\t<\/li>\n\t\t\t\t\t<li>\n\t\t\t\t<h4>2. During the months of March and April, we make our wine, blend of Malbec, Petit Verdot, and Cabernet Sauvignon: &#8220;Mike Tango Bravo&#8221;<\/h4>\n\t\t\t<\/li>\n\t\t\t\t\t<li>\n\t\t\t\t<h4>3. El 6 de maig vam emetre els tokens MTB23 (Vintage Coin Offering), en funci\u00f3 de l'nombre d'ampolles de vi produ\u00efdes.<\/h4>\n\t\t\t<\/li>\n\t\t\t\t<\/ul>\n\t\t<ul>\n\t\t\t\t\t<li>\n\t\t\t\t<h4>4. Quan finalitzi el VCO el 25 de juliol, els tokens de vi estaran disponibles per comprar I vendre en el Viniswap exchange.<\/h4>\n\t\t\t<\/li>\n\t\t\t\t\t<li>\n\t\t\t\t<h4>5. Tres anys despr\u00e9s, els vins estan a punt per beure i es poden canviar en qualsevol moment en l\u00ednia amb els tokens MTB23, fins a maig de 2033.<\/h4>\n\t\t\t<\/li>\n\t\t\t\t<\/ul>\n\t<p>For 2023, the initial price of the MTB23 tokens are based on the COST value of the wine. After the 25th of July, we let the market take over and decide the &#8220;real&#8221; value of our wines.<\/p>\n<h2>\n\t\tRoadmap\n\t<\/h2>\n\t\t\t\t\t\t\t<p>Definicions de requisits inicials 15 mar\u00e7 2017<\/p>\n\t\t\t\t\t\t\t<p>Consolidaci\u00f3 de l'l'equip 3 d'agost de 2017<\/p>\n\t\t\t\t\t\t\t<p>VCO landing 27 mar\u00e7 2018<\/p>\n\t\t\t\t\t\t\t<p>Collita 2018 2-4 abril 2018<\/p>\n\t\t\t\t\t\t\t<p>Crowdsale beta testing 21 April, 2018<\/p>\n\t\t\t\t\t\t\t<p>MTB18 ICO token launch 6 May &#8211; 20 May, 2018<\/p>\n\t\t\t\t\t\t\t<p> Ripio Exchange para MTB18, 5 de setembro de 2018<\/p>\n\t\t\t\t\t\t\t<p>Collita 2019 11-12-13 abril 2019<\/p>\n\t\t\t\t\t\t\t<p> MTB19 ICO token launch  6 May &#8211; 25 July, 2019<\/p>\n\t\t\t\t\t\t\t<p>Vinophonics presentation &#8211; Sonar 2019  17-18-19-20 July, 2019<\/p>\n\t\t\t\t\t\t\t<p> Viniswap Exchange es va llan\u00e7ar el 13 de febrer de 2020<\/p>\n\t\t\t\t\t\t\t<p>Collita 2020 abril 2020<\/p>\n\t\t\t\t\t\t\t<p>MTB20 ICO token launch  6 May &#8211; 25 July, 2020<\/p>\n\t\t\t\t\t\t\t<p>Entrada Exchange Viniswap per MTB20 25 juliol 2020<\/p>\n\t\t\t\t\t\t\t<p>Fi de venda de vins Costaflores no tokenizados 1 mar\u00e7 2021<\/p>\n\t\t\t\t\t\t\t<p>Collita 2021 24-25 abril 2021<\/p>\n\t\t\t\t\t\t\t<p> MTB21 ICO token launch  6 May &#8211; 25 July, 2021<\/p>\n\t\t\t\t\t\t\t<p>You Drink It, You Own It!  6 maig, 2021<\/p>\n\t\t\t\t\t\t\t<p>Vins MTB 2018 disponibles per a la venda amb tokens MTB18 6 maig 2021<\/p>\n\t\t\t\t\t\t\t<p>Collita 2022 4-5 april, 2022<\/p>\n\t\t\t\t\t\t\t<p>MTB22 VCO token launch  6 May &#8211; 25 July, 2022<\/p>\n\t\t\t\t\t\t\t<p>Juliol de 2022 Llan\u00e7ament de BioDigital Cert en EthCC, Par\u00eds i Areni, Ciutat del Cap<\/p>\n\t\t\t\t\t\t\t<p>16 &#8211; 17 of March, 2023 Harvest March 2023<\/p>\n\t\t\t\t\t\t\t<p>MTB23 VCO token launch 6 May &#8211; 25 July, 2023<\/p>\n<h2>\n\t\tPMF\n\t<\/h2>\n\t<p>Per Preguntes Freq\u00fcents, pot llegir la nostra\u00a0<a href=\"https:\/\/openvino.atlassian.net\/wiki\/spaces\/OPENVINO\/overview?homepageId=33009\" target=\"_blank\" rel=\"noopener\">Wiki FAQ page<\/a>.<\/p>\n<h2>\n\t\tCom puc obtenir m\u00e9s informaci\u00f3?\n\t<\/h2>\n\t<p>Convidem als posse\u00efdors de tokens a visitar Costaflores en persona. Llegiu el nostre\u00a0<a href=\"https:\/\/openvino.atlassian.net\/wiki\/spaces\/OPENVINO\/overview?homepageId=33009\" target=\"_blank\" rel=\"noopener\">wiki<\/a>.<\/p>\n\t\t\t<a href=\"https:\/\/t.me\/Open_Vino\" target=\"_blank\" role=\"button\" rel=\"noopener nofollow\">\n\t\t\t\t\t\t\tUneix-te al nostre grup de Telegram\n\t\t\t\t\t<\/a>","protected":false},"excerpt":{"rendered":"<p>MTB23 &#8211; Vintage Coin Offering This is the world&#8217;s first organic wine-backed cryptoasset Costaflores is a winery based in Mendoza, Argentina. It is the first winery in the world to issue a wine-backed cryptocurrency asset. The MTB23 token is an ERC20 cryptoasset for the 2023 vintage. Each digital token represents one bottle of wine produced&hellip;<\/p>","protected":false},"author":1,"featured_media":0,"parent":0,"menu_order":0,"comment_status":"closed","ping_status":"closed","template":"","meta":{"footnotes":""},"_links":{"self":[{"href":"https:\/\/vco.costaflores.com\/ca\/wp-json\/wp\/v2\/pages\/51"}],"collection":[{"href":"https:\/\/vco.costaflores.com\/ca\/wp-json\/wp\/v2\/pages"}],"about":[{"href":"https:\/\/vco.costaflores.com\/ca\/wp-json\/wp\/v2\/types\/page"}],"author":[{"embeddable":true,"href":"https:\/\/vco.costaflores.com\/ca\/wp-json\/wp\/v2\/users\/1"}],"replies":[{"embeddable":true,"href":"https:\/\/vco.costaflores.com\/ca\/wp-json\/wp\/v2\/comments?post=51"}],"version-history":[{"count":34,"href":"https:\/\/vco.costaflores.com\/ca\/wp-json\/wp\/v2\/pages\/51\/revisions"}],"predecessor-version":[{"id":404,"href":"https:\/\/vco.costaflores.com\/ca\/wp-json\/wp\/v2\/pages\/51\/revisions\/404"}],"wp:attachment":[{"href":"https:\/\/vco.costaflores.com\/ca\/wp-json\/wp\/v2\/media?parent=51"}],"curies":[{"name":"wp","href":"https:\/\/api.w.org\/{rel}","templated":true}]}}