{"id":246,"date":"2021-05-25T18:07:45","date_gmt":"2021-05-25T18:07:45","guid":{"rendered":"https:\/\/ico.costaflores.com\/?page_id=246"},"modified":"2023-04-20T18:37:35","modified_gmt":"2023-04-20T18:37:35","slug":"buy-mtb20","status":"publish","type":"page","link":"https:\/\/vco.costaflores.com\/ca\/buy-mtb20\/","title":{"rendered":"Buy MTB20"},"content":{"rendered":"<h2>\n\t\t\u00bfTen\u00e9s un wallet ERC20?\n\t<\/h2>\n\t<p>Un monedero digital es el software donde almacen\u00e1s tus criptomonedas.<\/p>\n<p>Si ten\u00e9s un wallet compatible con ERC20, selecciona &#8220;SI&#8221; y ya pod\u00e9s comprar tokens MTB22.<\/p>\n<p>Al contrario, seleciona &#8220;NO&#8221; para ver nuestro tutorial.<\/p>\n\t\t\t<a href=\"#\" role=\"button\" target=\"_self\" onclick=\"\" rel=\"noopener\">\n\t\t\t\t\t\t\t\t\t\t\t\t\t\t\t\t\t\t\t\t\t\tSI\n\t\t\t\t\t\t\t<\/a>\n\t\t\t<a href=\"https:\/\/wiki.costaflores.com\/display\/OP\/Instalando+y+configurando+un+monedero+ERC20\" role=\"button\" target=\"_blank\" onclick=\"\" rel=\"noopener\">\n\t\t\t\t\t\t\t\t\t\t\t\t\t\t\t\t\t\t\t\t\t\tNO\n\t\t\t\t\t\t\t<\/a>\n<h2>\n\t\t\u00bfTen\u00e9s Ether?\n\t<\/h2>\n\t<p>Ether es la criptomoneda utilizada para comprar MTB22.<\/p>\n<p>Si ya ten\u00e9s ether, selecciona &#8220;SI&#8221; y pod\u00e9s comprar directamente en Viniswap.<\/p>\n<p>Si no ten\u00e9s ether, clica &#8220;NO&#8221; y te ense\u00f1aremos m\u00e1s informaci\u00f3n sobre ether.<\/p>\n\t\t\t<a href=\"https:\/\/openvino.exchange\/\" role=\"button\" target=\"_blank\" onclick=\"\" rel=\"noopener\">\n\t\t\t\t\t\t\t\t\t\t\t\t\t\t\t\t\t\t\t\t\t\tSI\n\t\t\t\t\t\t\t<\/a>\n\t\t\t<a href=\"https:\/\/wiki.costaflores.com\/pages\/viewpage.action?pageId=42303516\" role=\"button\" target=\"_blank\" onclick=\"\" rel=\"noopener\">\n\t\t\t\t\t\t\t\t\t\t\t\t\t\t\t\t\t\t\t\t\t\tNO\n\t\t\t\t\t\t\t<\/a>\n        <p>PASOS PARA COMPRAR MTB22 1 de 2<\/p>\n        <ul>\n            <li data-number=\"0\">\n                <p>Ten\u00e9s un WALLET<\/p>\n            <\/li>\n            <li data-number=\"1\">\n                <p>Ten\u00e9s ETH<\/p>\n            <\/li>\n        <\/ul>\n\t\t\t\t<img loading=\"lazy\" decoding=\"async\" src=\"https:\/\/vco.costaflores.com\/wp-content\/uploads\/2021\/05\/MTB18-coin.png\" alt=\"MTB18-coin\" itemprop=\"image\" title=\"MTB18-coin\" onerror=\"this.style.display='none'\" width=\"319\" height=\"319\">","protected":false},"excerpt":{"rendered":"<p>\u00bfTen\u00e9s un wallet ERC20? Un monedero digital es el software donde almacen\u00e1s tus criptomonedas. Si ten\u00e9s un wallet compatible con ERC20, selecciona &#8220;SI&#8221; y ya pod\u00e9s comprar tokens MTB22. Al contrario, seleciona &#8220;NO&#8221; para ver nuestro tutorial. SI NO \u00bfTen\u00e9s Ether? Ether es la criptomoneda utilizada para comprar MTB22. Si ya ten\u00e9s ether, selecciona &#8220;SI&#8221;&hellip;<\/p>","protected":false},"author":1,"featured_media":0,"parent":0,"menu_order":0,"comment_status":"closed","ping_status":"closed","template":"","meta":{"footnotes":""},"_links":{"self":[{"href":"https:\/\/vco.costaflores.com\/ca\/wp-json\/wp\/v2\/pages\/246"}],"collection":[{"href":"https:\/\/vco.costaflores.com\/ca\/wp-json\/wp\/v2\/pages"}],"about":[{"href":"https:\/\/vco.costaflores.com\/ca\/wp-json\/wp\/v2\/types\/page"}],"author":[{"embeddable":true,"href":"https:\/\/vco.costaflores.com\/ca\/wp-json\/wp\/v2\/users\/1"}],"replies":[{"embeddable":true,"href":"https:\/\/vco.costaflores.com\/ca\/wp-json\/wp\/v2\/comments?post=246"}],"version-history":[{"count":26,"href":"https:\/\/vco.costaflores.com\/ca\/wp-json\/wp\/v2\/pages\/246\/revisions"}],"predecessor-version":[{"id":384,"href":"https:\/\/vco.costaflores.com\/ca\/wp-json\/wp\/v2\/pages\/246\/revisions\/384"}],"wp:attachment":[{"href":"https:\/\/vco.costaflores.com\/ca\/wp-json\/wp\/v2\/media?parent=246"}],"curies":[{"name":"wp","href":"https:\/\/api.w.org\/{rel}","templated":true}]}}